{"id":15,"date":"2018-05-01T16:25:25","date_gmt":"2018-05-01T16:25:25","guid":{"rendered":"http:\/\/www.yen-ankh-art.de\/?page_id=15"},"modified":"2018-05-31T15:26:39","modified_gmt":"2018-05-31T15:26:39","slug":"impressum","status":"publish","type":"page","link":"https:\/\/www.yen-ankh-art.de\/?page_id=15","title":{"rendered":"Impressum\/Kontakt"},"content":{"rendered":"<div class=\"entry\">\n<p align=\"center\"><b><span style=\"margin: 0px; font-family: 'Calibri','sans-serif'; font-size: 11pt;\"><span style=\"color: #000000;\">Kontakt\/Impressum<\/span><\/span><\/b><\/p>\n<p align=\"center\"><span style=\"margin: 0px; font-family: 'Calibri','sans-serif'; font-size: 11pt;\"><span style=\"color: #000000;\">Yen Ankh Art Fotografie<br \/>\n<\/span><\/span><span style=\"margin: 0px; font-family: 'Calibri','sans-serif'; font-size: 11pt;\"><span style=\"color: #000000;\">Claudia Menrad<br \/>\nSch\u00f6nbergle 3 &#8211; 73550 Waldstetten<br \/>\n<\/span><\/span><span style=\"margin: 0px; font-family: 'Calibri','sans-serif'; font-size: 11pt;\"><span style=\"color: #000000;\">Telefon: 07171\/40 48 92 &#8211; <\/span><\/span><span style=\"color: #000000;\"><span style=\"margin: 0px; font-family: 'Calibri','sans-serif'; font-size: 11pt;\">E-Mail: <\/span><a><span style=\"margin: 0px; font-family: 'Calibri','sans-serif'; font-size: 11pt;\">yen-ankh-art@gmx.de<br \/>\n<\/span><\/a><\/span><span style=\"margin: 0px; font-family: 'Calibri','sans-serif'; font-size: 11pt;\"><span style=\"color: #000000;\">\u00a0<\/span><\/span><span style=\"margin: 0px; font-family: 'Calibri','sans-serif'; font-size: 11pt;\"><span style=\"color: #000000;\">Umsatzsteuer ID: 93 028 156 407<\/span><\/span><span style=\"margin: 0px; font-family: 'Calibri','sans-serif'; font-size: 11pt;\"><span style=\"color: #000000;\">\u00a0<\/span><\/span><\/p>\n<p align=\"center\"><b><span style=\"margin: 0px; font-family: 'Calibri','sans-serif'; font-size: 11pt;\"><span style=\"color: #000000;\">Inhalt, Gestaltung &amp; Realisierung<br \/>\n<\/span><\/span><\/b><span style=\"margin: 0px; font-family: 'Calibri','sans-serif'; font-size: 11pt;\"><span style=\"color: #000000;\">Claudia Menrad<\/span><\/span><\/p>\n<p align=\"center\"><b><span style=\"margin: 0px; font-family: 'Calibri','sans-serif'; font-size: 11pt;\"><span style=\"color: #000000;\">Copyright &amp; Haftungsausschluss<br \/>\n<\/span><\/span><\/b><span style=\"margin: 0px; font-family: 'Calibri','sans-serif'; font-size: 11pt;\"><span style=\"color: #000000;\">Die Seiten sowie alle Inhalte dieser Website unterliegen dem Urheberrecht.<br \/>\n<\/span><\/span><span style=\"margin: 0px; font-family: 'Calibri','sans-serif'; font-size: 11pt;\"><span style=\"color: #000000;\">F\u00fcr die Aktualit\u00e4t, Richtigkeit und Vollst\u00e4ndigkeit der Inhalte kann jedoch keine<br \/>\n<\/span><\/span><span style=\"margin: 0px; font-family: 'Calibri','sans-serif'; font-size: 11pt;\"><span style=\"color: #000000;\">Gew\u00e4hr \u00fcbernommen werden.<\/span><\/span><\/p>\n<p align=\"center\">\n<\/div>\n<p align=\"center\"><strong><span style=\"color: #000000; font-family: Calibri;\">Datenschutz<br \/>\n<\/span><\/strong><span style=\"color: #000000; font-family: Calibri;\"><br \/>\n<strong>Grundlegendes<\/strong><br \/>\nDiese Datenschutzerkl\u00e4rung soll die Nutzer dieser Website \u00fcber die Art, den Umfang und<br \/>\nden Zweck der Erhebung und Verwendung personenbezogene Daten<br \/>\ndurch den Websitebetreiber informieren.<\/span><\/p>\n<p align=\"center\"><span style=\"color: #000000; font-family: Calibri;\">Der Websitebetreiber nimmt Ihren Datenschutz sehr ernst und behandelt Ihre personenbezogenen<br \/>\nDaten vertraulich und entsprechend der gesetzlichen Vorschriften.<\/span><\/p>\n<p align=\"center\"><span style=\"margin: 0px; color: black; font-family: 'Calibri','sans-serif'; font-size: 11pt;\">Da durch neue Technologien und die st\u00e4ndige Weiterentwicklung dieser Website \u00c4nderungen an<br \/>\ndieser Datenschutzerkl\u00e4rung vorgenommen werden k\u00f6nnen, empfehlen wir Ihnen sich die<br \/>\nDatenschutzerkl\u00e4rung immer wieder durchzulesen.<\/span><\/p>\n<p align=\"center\"><span style=\"color: #000000; font-family: Calibri;\">Definitionen der verwendeten Begriffe<br \/>\n(z.B. \u201cpersonenbezogene Daten\u201d oder \u201cVerarbeitung\u201d finden Sie in Art. 4 DSGVO.<\/span><\/p>\n<p align=\"center\"><span style=\"color: #000000; font-family: Calibri;\"><strong>Zugriffsdaten<\/strong><br \/>\nWir, der Websitebetreiber bzw. Seitenprovider, erheben aufgrund unseres berechtigten Interesses<br \/>\n(s. Art. 6 Abs. 1 lit. f. DSGVO) Daten \u00fcber Zugriffe auf die Website und speichern<br \/>\ndiese als \u201eServer-Logfiles\u201c auf dem Server der Website ab.<\/span><\/p>\n<p align=\"center\"><span style=\"color: #000000; font-family: Calibri;\">Folgende Daten werden so protokolliert:<br \/>\nBesuchte Websites, Uhrzeit zum Zeitpunkt des Zugriffes,<br \/>\nMenge der gesendeten Daten in Byte, Quelle\/Verweis,<br \/>\nvon welchem Sie auf die Seite gelangten, verwendeter Browse,<br \/>\nverwendetes Betriebssystem, verwendete IP-Adresse<\/span><\/p>\n<p align=\"center\"><span style=\"color: #000000; font-family: Calibri;\">Die Server-Logfiles werden f\u00fcr maximal 7 Tage gespeichert und anschlie\u00dfend gel\u00f6scht.<br \/>\nDie Speicherung der Daten erfolgt aus Sicherheitsgr\u00fcnden, um z. B. Missbrauchsf\u00e4lle<br \/>\naufkl\u00e4ren zu k\u00f6nnen. M\u00fcssen Daten aus Beweisgr\u00fcnden aufgehoben werden, sind<br \/>\nsie solange von der L\u00f6schung ausgenommen bis der Vorfall endg\u00fcltig gekl\u00e4rt ist.<\/span><\/p>\n<p align=\"center\"><span style=\"color: #000000; font-family: Calibri;\"><strong>Reichweitenmessung &amp; Cookies<\/strong><br \/>\nDiese Website verwendet Cookies, die entweder von unserem Server oder dem Server Dritter<br \/>\nan den Browser des Nutzers \u00fcbertragen werden.<\/span><\/p>\n<p align=\"center\"><span style=\"color: #000000; font-family: Calibri;\">Bei Cookies handelt es sich um kleine Dateien,\u00a0welche auf Ihrem Endger\u00e4t gespeichert werden.<br \/>\nIhr Browser greift auf diese Dateien zu. Durch den Einsatz von Cookies erh\u00f6ht sich die<br \/>\nBenutzerfreundlichkeit und Sicherheit dieser Website.<\/span><\/p>\n<p align=\"center\"><span style=\"color: #000000; font-family: Calibri;\">Falls Sie nicht m\u00f6chten, dass Cookies zur Reichweitenmessung auf Ihrem Endger\u00e4t<br \/>\ngespeichert werden, k\u00f6nnen Sie dem Einsatz dieser Dateien hier widersprechen:<\/span><\/p>\n<p align=\"center\"><span style=\"font-family: Calibri;\"><span style=\"color: #000000;\">Cookie-Deaktivierungsseite der Netzwerkwerbeinitiative:<br \/>\n<\/span> <a href=\"http:\/\/optout.networkadvertising.org\/?c=1#!\/\">http:\/\/optout.networkadvertising.org\/?c=1#!\/<\/a><\/span><\/p>\n<p align=\"center\"><span style=\"font-family: Calibri;\"><span style=\"color: #000000;\">Cookie-Deaktivierungsseite der US-amerikanischen Website:<br \/>\n<\/span> <a href=\"http:\/\/optout.aboutads.info\/?c=2#!\/\">http:\/\/optout.aboutads.info\/?c=2#!\/<\/a><\/span><\/p>\n<p align=\"center\"><span style=\"font-family: Calibri;\"><span style=\"color: #000000;\">Cookie-Deaktivierungsseite der europ\u00e4ischen Website:<br \/>\n<\/span> <a href=\"http:\/\/optout.networkadvertising.org\/?c=1#!\/\">http:\/\/optout.networkadvertising.org\/?c=1#!\/<\/a><\/span><\/p>\n<p align=\"center\"><span style=\"color: #000000; font-family: Calibri;\">G\u00e4ngige Browser bieten die Einstellungsoption, Cookies nicht zuzulassen.<br \/>\nHinweis: Es ist nicht gew\u00e4hrleistet, dass Sie auf alle Funktionen dieser Website ohne<br \/>\nEinschr\u00e4nkungen zugreifen k\u00f6nnen, wenn Sie entsprechende Einstellungen vornehmen.<\/span><\/p>\n<p align=\"center\"><span style=\"color: #000000; font-family: Calibri;\"><strong>Erfassung und Verarbeitung personenbezogener Daten<\/strong><br \/>\nDer Websitebetreiber erhebt, nutzt und gibt Ihre personenbezogenen Daten nur dann weiter,<br \/>\nwenn dies im gesetzlichen Rahmen erlaubt ist oder Sie in die Datenerhebung einwilligen.<\/span><\/p>\n<p align=\"center\"><span style=\"color: #000000; font-family: Calibri;\">Als personenbezogene Daten gelten s\u00e4mtliche Informationen, welche dazu dienen,<br \/>\nIhre Person zu bestimmen und welche zu Ihnen zur\u00fcckverfolgt werden k\u00f6nnen \u2013<br \/>\nalso beispielsweise Ihr Name, Ihre E-Mail-Adresse und Telefonnummer.<\/span><\/p>\n<p align=\"center\"><span style=\"color: #000000; font-family: Calibri;\"><strong>Umgang mit Kontaktdaten<\/strong><br \/>\nNehmen Sie mit uns als Websitebetreiber durch die angebotenen Kontaktm\u00f6glichkeiten<br \/>\nVerbindung auf, werden Ihre Angaben gespeichert, damit auf diese zur Bearbeitung<br \/>\nund Beantwortung Ihrer Anfrage zur\u00fcckgegriffen werden kann. Ohne Ihre Einwilligung<br \/>\nwerden diese Daten nicht an Dritte weitergegeben.<\/span><\/p>\n<p align=\"center\"><span style=\"color: #000000; font-family: Calibri;\"><strong>Umgang mit Kommentaren und Beitr\u00e4gen<\/strong><br \/>\nHinterlassen Sie auf dieser Website einen Beitrag oder Kommentar, wird Ihre IP-Adresse gespeichert.<br \/>\nDies erfolgt aufgrund unserer berechtigten Interessen im Sinne des Art. 6 Abs. 1 lit. f. DSGVO<br \/>\nund dient der Sicherheit von uns als Websitebetreiber:<\/span><\/p>\n<p align=\"center\"><span style=\"color: #000000; font-family: Calibri;\">Denn sollte Ihr Kommentar gegen geltendes Recht versto\u00dfen, k\u00f6nnen wir daf\u00fcr<br \/>\nbelangt werden, weshalb wir ein Interesse an der Identit\u00e4t des<br \/>\nKommentar- bzw. Beitragsautors haben.<\/span><\/p>\n<p align=\"center\"><span style=\"color: #000000; font-family: Calibri;\"><strong>Nutzung von Social-Media-Plugins von Facebook<\/strong><br \/>\nAufgrund unseres berechtigten Interesses an der Analyse, Optimierung und dem Betrieb unseres Online-<br \/>\nAngebotes (im Sinne des Art. 6 Abs. 1 lit. f. DSGVO), verwendet diese Website das Facebook-Social-Plugin,<br \/>\nwelches von der Facebook Inc. (1 Hacker Way, Menlo Park, California 94025, USA) betrieben wird.<br \/>\n<\/span><\/p>\n<p align=\"center\"><span style=\"font-family: Calibri;\"><span style=\"color: #000000;\">Erkennbar sind die Einbindungen an dem Facebook-Logo bzw. an den Begriffen<br \/>\n\u201eLike\u201c, \u201eGef\u00e4llt mir\u201c, \u201eTeilen\u201c in den Farben Facebooks (Blau und Wei\u00df).<\/span><\/span><\/p>\n<p align=\"center\"><span style=\"margin: 0px; color: #444444; font-family: 'Calibri','sans-serif'; font-size: 11pt;\">Informationen zu allen Facebook-Plugins finden Sie hier:<br \/>\n<a href=\"https:\/\/www.facebook.com\/help\/186325668085084\">https:\/\/www.facebook.com\/help\/186325668085084<\/a><\/span><\/p>\n<p align=\"center\"><span style=\"font-family: Calibri;\"><span style=\"color: #000000;\">Facebook Inc. h\u00e4lt das europ\u00e4ische Datenschutzrecht ein und ist unter dem<br \/>\nPrivacy-Shield-Abkommen zertifiziert:<br \/>\n<\/span> <a href=\"https:\/\/www.privacyshield.gov\/participant?id=a2zt0000000GnywAAC&amp;status=Active\">https:\/\/www.privacyshield.gov\/participant?id=a2zt0000000GnywAAC&amp;status=Active<\/a><\/span><\/p>\n<p align=\"center\"><span style=\"color: #000000; font-family: Calibri;\">Das Plugin stellt eine direkte Verbindung zwischen Ihrem Browser und den Facebook-Servern her.<br \/>\nDer Websitebetreiber hat keinerlei Einfluss auf die Natur und den Umfang der<br \/>\nDaten, welche das Plugin an die Server der Facebook Inc. \u00fcbermittelt.<\/span><\/p>\n<p align=\"center\"><span style=\"font-family: Calibri;\"><span style=\"color: #000000;\">Informationen dazu finden Sie hier:<br \/>\n<\/span><a href=\"https:\/\/www.facebook.com\/help\/186325668085084\">https:\/\/www.facebook.com\/help\/186325668085084<\/a><\/span><\/p>\n<p align=\"center\"><span style=\"color: #000000; font-family: Calibri;\">Das Plugin informiert die Facebook Inc. dar\u00fcber, dass Sie als Nutzer diese Website besucht haben.<br \/>\nEs besteht hierbei die M\u00f6glichkeit, dass Ihre IP-Adresse gespeichert wird.<\/span><\/p>\n<p align=\"center\"><span style=\"color: #000000; font-family: Calibri;\">Sind Sie w\u00e4hrend des Besuchs auf dieser Website in Ihrem Facebook-Konto eingeloggt,<br \/>\nwerden die genannten Informationen mit diesem verkn\u00fcpft.<\/span><\/p>\n<p align=\"center\"><span style=\"color: #000000; font-family: Calibri;\">Nutzen Sie die Funktionen des Plugins \u2013 etwa indem Sie einen Beitrag teilen oder \u201eliken\u201c \u2013,<br \/>\nwerden die entsprechenden Informationen ebenfalls an die Facebook Inc. \u00fcbermittelt.<\/span><\/p>\n<p align=\"center\"><span style=\"color: #000000; font-family: Calibri;\">M\u00f6chten Sie verhindern, dass die Facebook. Inc. diese Daten mit Ihrem Facebook-Konto verkn\u00fcpft,<br \/>\nloggen Sie sich bitte vor dem Besuch dieser Website bei Facebook aus und l\u00f6schen Sie die gespeicherten<br \/>\nCookies. \u00dcber Ihr Facebook-Profil k\u00f6nnen Sie weitere Einstellungen zur Datenverarbeitung f\u00fcr<br \/>\nWerbezwecke t\u00e4tigen oder der Nutzung Ihrer Daten f\u00fcr Werbezwecke widersprechen.<\/span><\/p>\n<p align=\"center\"><span style=\"color: #000000; font-family: Calibri;\">Zu den Einstellungen gelangen Sie hier:<\/span><\/p>\n<p align=\"center\"><span style=\"font-family: Calibri;\"><span style=\"color: #000000;\">Profileinstellungen bei Facebook:<br \/>\n<\/span> <a href=\"https:\/\/www.facebook.com\/ads\/preferences\/?entry_product=ad_settings_screen\">https:\/\/www.facebook.com\/ads\/preferences\/?entry_product=ad_settings_screen<\/a><\/span><\/p>\n<p align=\"center\"><span style=\"font-family: Calibri;\"><span style=\"color: #000000;\">Cookie-Deaktivierungsseite der US-amerikanischen Website:<br \/>\n<\/span> <a href=\"http:\/\/optout.aboutads.info\/?c=2#!\/\">http:\/\/optout.aboutads.info\/?c=2#!\/<\/a><\/span><\/p>\n<p align=\"center\"><span style=\"font-family: Calibri;\"><span style=\"color: #000000;\">Cookie-Deaktivierungsseite der europ\u00e4ischen Website:<br \/>\n<\/span> <a href=\"http:\/\/optout.networkadvertising.org\/?c=1#!\/\">http:\/\/optout.networkadvertising.org\/?c=1#!\/<\/a><\/span><\/p>\n<p align=\"center\"><span style=\"font-family: Calibri;\"><span style=\"color: #000000;\">Welche Daten, zu welchem Zweck und in welchem Umfang Facebook Daten erhebt, nutzt und verarbeitet<br \/>\nund welche Rechte sowie Einstellungsm\u00f6glichkeiten Sie zum Schutz Ihrer Privatsph\u00e4re haben, k\u00f6nnen Sie<br \/>\nin den Datenschutzrichtlinien von Facebook nachlesen: <\/span><a href=\"https:\/\/www.facebook.com\/about\/privacy\/\">https:\/\/www.facebook.com\/about\/privacy\/<\/a><\/span><\/p>\n<p align=\"center\"><span style=\"color: #000000; font-family: Calibri;\"><strong>Rechte des Nutzers<\/strong><br \/>\nSie haben als Nutzer das Recht, auf Antrag eine kostenlose Auskunft dar\u00fcber zu erhalten,<br \/>\nwelche personenbezogenen Daten \u00fcber Sie gespeichert wurden.<\/span><\/p>\n<p align=\"center\"><span style=\"color: #000000; font-family: Calibri;\">Sie haben au\u00dferdem das Recht auf Berichtigung falscher Daten und auf die Verarbeitungseinschr\u00e4nkung<br \/>\noder L\u00f6schung Ihrer personenbezogenen Daten.<\/span><\/p>\n<p align=\"center\"><span style=\"color: #000000; font-family: Calibri;\">Falls zutreffend, k\u00f6nnen Sie auch Ihr Recht auf Datenportabilit\u00e4t geltend machen. Sollten Sie annehmen,<br \/>\ndass Ihre Daten unrechtm\u00e4\u00dfig verarbeitet wurden, k\u00f6nnen Sie eine Beschwerde bei der<br \/>\nzust\u00e4ndigen Aufsichtsbeh\u00f6rde einreichen.<\/span><\/p>\n<p align=\"center\"><span style=\"color: #000000; font-family: Calibri;\"><strong>L\u00f6schung von Daten<\/strong><br \/>\nSofern Ihr Wunsch nicht mit einer gesetzlichen Pflicht zur Aufbewahrung von Daten (z. B.<br \/>\nVorratsdatenspeicherung) kollidiert, haben Sie ein Anrecht auf L\u00f6schung\u00a0Ihrer Daten.<\/span><\/p>\n<p align=\"center\"><span style=\"color: #000000; font-family: Calibri;\">Von uns gespeicherte Daten werden, sollten sie f\u00fcr ihre Zweckbestimmung nicht mehr vonn\u00f6ten sein<br \/>\nund es keine gesetzlichen Aufbewahrungsfristen geben, gel\u00f6scht.<\/span><\/p>\n<p align=\"center\"><span style=\"color: #000000; font-family: Calibri;\">Falls eine L\u00f6schung nicht durchgef\u00fchrt werden kann, da die Daten f\u00fcr zul\u00e4ssige gesetzliche Zwecke<br \/>\nerforderlich sind, erfolgt eine Einschr\u00e4nkung der Datenverarbeitung. In diesem Fall werden die Daten<br \/>\ngesperrt und nicht f\u00fcr andere Zwecke verarbeitet.<\/span><\/p>\n<p align=\"center\"><span style=\"color: #000000; font-family: Calibri;\"><strong>Widerspruchsrecht<\/strong><br \/>\nNutzer dieser Webseite k\u00f6nnen von ihrem Widerspruchsrecht Gebrauch machen und der<br \/>\nVerarbeitung ihrer personenbezogenen Daten zu jeder Zeit widersprechen.<\/span><\/p>\n<p align=\"center\"><span style=\"color: #000000; font-family: Calibri;\">Wenn Sie eine Berichtigung, Sperrung, L\u00f6schung oder Auskunft \u00fcber die zu Ihrer Person<br \/>\ngespeicherten personenbezogenen Daten w\u00fcnschen oder Fragen bzgl. der Erhebung,<br \/>\nVerarbeitung oder Verwendung Ihrer personenbezogenen Daten haben oder erteilte<br \/>\nEinwilligungen widerrufen m\u00f6chten, wenden Sie sich bitte an den Webmaster dieser Seite.<\/span><\/p>\n<p>&nbsp;<\/p>\n","protected":false},"excerpt":{"rendered":"<p>Kontakt\/Impressum Yen Ankh Art Fotografie Claudia Menrad Sch\u00f6nbergle 3 &#8211; 73550 Waldstetten Telefon: 07171\/40 48 92 &#8211; E-Mail: yen-ankh-art@gmx.de \u00a0Umsatzsteuer ID: 93 028 156 407\u00a0 Inhalt, Gestaltung &amp; Realisierung Claudia Menrad Copyright &amp; Haftungsausschluss Die Seiten sowie alle Inhalte dieser Website unterliegen dem Urheberrecht. F\u00fcr die Aktualit\u00e4t, Richtigkeit und Vollst\u00e4ndigkeit der Inhalte kann jedoch keine&#8230;<\/p>\n","protected":false},"author":1,"featured_media":0,"parent":0,"menu_order":0,"comment_status":"closed","ping_status":"closed","template":"","meta":[],"_links":{"self":[{"href":"https:\/\/www.yen-ankh-art.de\/index.php?rest_route=\/wp\/v2\/pages\/15"}],"collection":[{"href":"https:\/\/www.yen-ankh-art.de\/index.php?rest_route=\/wp\/v2\/pages"}],"about":[{"href":"https:\/\/www.yen-ankh-art.de\/index.php?rest_route=\/wp\/v2\/types\/page"}],"author":[{"embeddable":true,"href":"https:\/\/www.yen-ankh-art.de\/index.php?rest_route=\/wp\/v2\/users\/1"}],"replies":[{"embeddable":true,"href":"https:\/\/www.yen-ankh-art.de\/index.php?rest_route=%2Fwp%2Fv2%2Fcomments&post=15"}],"version-history":[{"count":37,"href":"https:\/\/www.yen-ankh-art.de\/index.php?rest_route=\/wp\/v2\/pages\/15\/revisions"}],"predecessor-version":[{"id":187,"href":"https:\/\/www.yen-ankh-art.de\/index.php?rest_route=\/wp\/v2\/pages\/15\/revisions\/187"}],"wp:attachment":[{"href":"https:\/\/www.yen-ankh-art.de\/index.php?rest_route=%2Fwp%2Fv2%2Fmedia&parent=15"}],"curies":[{"name":"wp","href":"https:\/\/api.w.org\/{rel}","templated":true}]}}